{"id":26544,"date":"2021-08-24T21:25:27","date_gmt":"2021-08-25T02:25:27","guid":{"rendered":"http:\/\/www.amsm.ca\/declaration-de-foi\/"},"modified":"2022-01-06T16:13:34","modified_gmt":"2022-01-06T21:13:34","slug":"declaration-de-foi","status":"publish","type":"page","link":"https:\/\/www.amsm.ca\/fr\/declaration-de-foi\/","title":{"rendered":"Versets bibliques"},"content":{"rendered":"<body><p><\/p><div class=\"row \"><div class=\"wpv-grid grid-1-2  wpv-first-level first unextended animation-zoom-in animated-active\" style=\"padding-top:0px;padding-bottom:0px\" id=\"wpv-column-46a91051c3f45f5cc058f3709b5de45f\" ><div class=\"push\" style='height:20px'><\/div><img data-recalc-dims=\"1\" decoding=\"async\" class=\"aligncenter size-full wp-image-7029\" src=\"https:\/\/i0.wp.com\/church-event.vamtam.com\/wp-content\/uploads\/2013\/11\/about_small_1.png?resize=314%2C314&#038;ssl=1\" alt=\"about_small_1\" width=\"314\" height=\"314\" loading=\"lazy\"><\/div>\n<div class=\"wpv-grid grid-1-2  wpv-first-level unextended\" style=\"padding-top:0px;padding-bottom:0px\" id=\"wpv-column-e3118ab267905ac6293962a54e6bfc14\" ><div class=\"push\" style='height:80px'><\/div>\n<h4>Oui, Dieu a tant aim\u00e9 le monde qu\u2019il a donn\u00e9 son Fils, son unique, pour que tous ceux qui placent leur confiance en lui \u00e9chappent \u00e0 la perdition et qu\u2019ils aient la vie \u00e9ternelle.<\/h4>\n\n<p><b>Jean 3:16<\/b> <div class=\"push\" style='height:40px'><\/div><\/div><\/div>\n<div class=\"sep\"><\/div>\n<div class=\"row \"><div class=\"wpv-grid grid-1-2  wpv-first-level first unextended\" style=\"padding-top:0px;padding-bottom:0px\" id=\"wpv-column-4f5648789d50662aa2a838132e8e11cb\" ><div class=\"push\" style='height:80px'><\/div>\n<h4>Car toute l\u2019Ecriture est inspir\u00e9e de Dieu et utile pour enseigner, r\u00e9futer, redresser et apprendre \u00e0 mener une vie conforme \u00e0 ce qui est juste.<\/h4>\n\n<p><strong>2 Timoth\u00e9e 3:16-17<\/strong> <div class=\"push\" style='height:40px'><\/div><\/div>\n<div class=\"wpv-grid grid-1-2  wpv-first-level unextended animation-zoom-in animated-active\" style=\"padding-top:0px;padding-bottom:0px\" id=\"wpv-column-44ec92fb9d0ca05013dc812f617b6e41\" ><p><img data-recalc-dims=\"1\" decoding=\"async\" class=\"aligncenter size-full wp-image-7026\" src=\"https:\/\/i0.wp.com\/church-event.vamtam.com\/wp-content\/uploads\/2013\/11\/about_small_2.png?resize=314%2C314&#038;ssl=1\" alt=\"about_small_2\" width=\"314\" height=\"314\" loading=\"lazy\"><\/div><\/div>\n<div class=\"sep\"><\/div>\n<div class=\"row \"><div class=\"wpv-grid grid-1-2  wpv-first-level first unextended animation-zoom-in animated-active\" style=\"padding-top:0px;padding-bottom:0px\" id=\"wpv-column-38b007ff9dffba72cb4f6ef79972fab3\" ><p><img data-recalc-dims=\"1\" decoding=\"async\" class=\"aligncenter size-full wp-image-7028\" src=\"https:\/\/i0.wp.com\/church-event.vamtam.com\/wp-content\/uploads\/2013\/11\/about_small_3.png?resize=314%2C314&#038;ssl=1\" alt=\"about_small_3\" width=\"314\" height=\"314\" loading=\"lazy\"><\/div>\n<div class=\"wpv-grid grid-1-2  wpv-first-level unextended\" style=\"padding-top:0px;padding-bottom:0px\" id=\"wpv-column-154cac139bcf9ad220f15ab96c310bf3\" ><div class=\"push\" style='height:80px'><\/div>\n<h4>Oui, vraiment, je vous l\u2019assure : celui qui \u00e9coute ce que je dis et qui place sa confiance dans le P\u00e8re qui m\u2019a envoy\u00e9, poss\u00e8de, d\u00e8s \u00e0 pr\u00e9sent, la vie \u00e9ternelle.<\/h4>\n\n<p><b>Jean 5:24<\/b> <div class=\"push\" style='height:40px'><\/div><\/div><\/div>\n<div class=\"sep\"><\/div>\n<div class=\"push\" style='height:10px'><\/div>\n<div class=\"row \"><div class=\"wpv-grid grid-1-1  wpv-first-level first unextended\" style=\"padding-top:0px;padding-bottom:0px\" id=\"wpv-column-5fbfd62902703e8f22acba439ba7c4e3\" ><h2 style=\"text-align: center;\"> <a target=\"_self\" style='font-size: 20px;' class=\"button vamtam-button accent1  button-border hover-accent1 \"><span class='icon shortcode theme ' style='color:#3E4043;'>&#57406;<\/span><span class=\"btext\">Inscrivez-vous maintenant<\/span><\/a><\/h2><\/div><\/div>\n<\/body>","protected":false},"excerpt":{"rendered":"<p>Oui, Dieu a tant aim\u00e9 le monde qu\u2019il a donn\u00e9 son Fils, son unique, pour que tous ceux qui placent leur confiance en lui \u00e9chappent \u00e0 la perdition et qu\u2019ils aient la vie \u00e9ternelle. Car toute l\u2019Ecriture est inspir\u00e9e de Dieu et utile pour enseigner, r\u00e9futer, redresser et apprendre \u00e0 mener une vie conforme \u00e0&#8230;<\/p>\n","protected":false},"author":1,"featured_media":0,"parent":0,"menu_order":7,"comment_status":"closed","ping_status":"closed","template":"","meta":{"give_campaign_id":0,"footnotes":""},"class_list":["post-26544","page","type-page","status-publish","hentry"],"yoast_head":"<!-- This site is optimized with the Yoast SEO plugin v27.5 - https:\/\/yoast.com\/product\/yoast-seo-wordpress\/ -->\n<title>Versets bibliques - amsm church<\/title>\n<meta name=\"robots\" content=\"index, follow, max-snippet:-1, max-image-preview:large, max-video-preview:-1\" \/>\n<link rel=\"canonical\" href=\"https:\/\/www.amsm.ca\/fr\/declaration-de-foi\/\" \/>\n<meta property=\"og:locale\" content=\"fr_FR\" \/>\n<meta property=\"og:type\" content=\"article\" \/>\n<meta property=\"og:title\" content=\"Versets bibliques - amsm church\" \/>\n<meta property=\"og:description\" content=\"Oui, Dieu a tant aim\u00e9 le monde qu\u2019il a donn\u00e9 son Fils, son unique, pour que tous ceux qui placent leur confiance en lui \u00e9chappent \u00e0 la perdition et qu\u2019ils aient la vie \u00e9ternelle. Car toute l\u2019Ecriture est inspir\u00e9e de Dieu et utile pour enseigner, r\u00e9futer, redresser et apprendre \u00e0 mener une vie conforme \u00e0...\" \/>\n<meta property=\"og:url\" content=\"https:\/\/www.amsm.ca\/fr\/declaration-de-foi\/\" \/>\n<meta property=\"og:site_name\" content=\"amsm church\" \/>\n<meta property=\"article:modified_time\" content=\"2022-01-06T21:13:34+00:00\" \/>\n<meta property=\"og:image\" content=\"https:\/\/church-event.vamtam.com\/wp-content\/uploads\/2013\/11\/about_small_1.png\" \/>\n<meta name=\"twitter:card\" content=\"summary_large_image\" \/>\n<meta name=\"twitter:label1\" content=\"Dur\u00e9e de lecture estim\u00e9e\" \/>\n\t<meta name=\"twitter:data1\" content=\"1 minute\" \/>\n<script type=\"application\/ld+json\" class=\"yoast-schema-graph\">{\"@context\":\"https:\\\/\\\/schema.org\",\"@graph\":[{\"@type\":\"WebPage\",\"@id\":\"https:\\\/\\\/www.amsm.ca\\\/fr\\\/declaration-de-foi\\\/\",\"url\":\"https:\\\/\\\/www.amsm.ca\\\/fr\\\/declaration-de-foi\\\/\",\"name\":\"Versets bibliques - amsm church\",\"isPartOf\":{\"@id\":\"https:\\\/\\\/www.amsm.ca\\\/#website\"},\"primaryImageOfPage\":{\"@id\":\"https:\\\/\\\/www.amsm.ca\\\/fr\\\/declaration-de-foi\\\/#primaryimage\"},\"image\":{\"@id\":\"https:\\\/\\\/www.amsm.ca\\\/fr\\\/declaration-de-foi\\\/#primaryimage\"},\"thumbnailUrl\":\"https:\\\/\\\/church-event.vamtam.com\\\/wp-content\\\/uploads\\\/2013\\\/11\\\/about_small_1.png\",\"datePublished\":\"2021-08-25T02:25:27+00:00\",\"dateModified\":\"2022-01-06T21:13:34+00:00\",\"breadcrumb\":{\"@id\":\"https:\\\/\\\/www.amsm.ca\\\/fr\\\/declaration-de-foi\\\/#breadcrumb\"},\"inLanguage\":\"fr-FR\",\"potentialAction\":[{\"@type\":\"ReadAction\",\"target\":[\"https:\\\/\\\/www.amsm.ca\\\/fr\\\/declaration-de-foi\\\/\"]}]},{\"@type\":\"ImageObject\",\"inLanguage\":\"fr-FR\",\"@id\":\"https:\\\/\\\/www.amsm.ca\\\/fr\\\/declaration-de-foi\\\/#primaryimage\",\"url\":\"https:\\\/\\\/church-event.vamtam.com\\\/wp-content\\\/uploads\\\/2013\\\/11\\\/about_small_1.png\",\"contentUrl\":\"https:\\\/\\\/church-event.vamtam.com\\\/wp-content\\\/uploads\\\/2013\\\/11\\\/about_small_1.png\"},{\"@type\":\"BreadcrumbList\",\"@id\":\"https:\\\/\\\/www.amsm.ca\\\/fr\\\/declaration-de-foi\\\/#breadcrumb\",\"itemListElement\":[{\"@type\":\"ListItem\",\"position\":1,\"name\":\"Home\",\"item\":\"https:\\\/\\\/www.amsm.ca\\\/fr\\\/\"},{\"@type\":\"ListItem\",\"position\":2,\"name\":\"Versets bibliques\"}]},{\"@type\":\"WebSite\",\"@id\":\"https:\\\/\\\/www.amsm.ca\\\/#website\",\"url\":\"https:\\\/\\\/www.amsm.ca\\\/\",\"name\":\"amsm church\",\"description\":\"amsm church\",\"potentialAction\":[{\"@type\":\"SearchAction\",\"target\":{\"@type\":\"EntryPoint\",\"urlTemplate\":\"https:\\\/\\\/www.amsm.ca\\\/?s={search_term_string}\"},\"query-input\":{\"@type\":\"PropertyValueSpecification\",\"valueRequired\":true,\"valueName\":\"search_term_string\"}}],\"inLanguage\":\"fr-FR\"}]}<\/script>\n<!-- \/ Yoast SEO plugin. -->","yoast_head_json":{"title":"Versets bibliques - amsm church","robots":{"index":"index","follow":"follow","max-snippet":"max-snippet:-1","max-image-preview":"max-image-preview:large","max-video-preview":"max-video-preview:-1"},"canonical":"https:\/\/www.amsm.ca\/fr\/declaration-de-foi\/","og_locale":"fr_FR","og_type":"article","og_title":"Versets bibliques - amsm church","og_description":"Oui, Dieu a tant aim\u00e9 le monde qu\u2019il a donn\u00e9 son Fils, son unique, pour que tous ceux qui placent leur confiance en lui \u00e9chappent \u00e0 la perdition et qu\u2019ils aient la vie \u00e9ternelle. Car toute l\u2019Ecriture est inspir\u00e9e de Dieu et utile pour enseigner, r\u00e9futer, redresser et apprendre \u00e0 mener une vie conforme \u00e0...","og_url":"https:\/\/www.amsm.ca\/fr\/declaration-de-foi\/","og_site_name":"amsm church","article_modified_time":"2022-01-06T21:13:34+00:00","og_image":[{"url":"https:\/\/church-event.vamtam.com\/wp-content\/uploads\/2013\/11\/about_small_1.png","type":"","width":"","height":""}],"twitter_card":"summary_large_image","twitter_misc":{"Dur\u00e9e de lecture estim\u00e9e":"1 minute"},"schema":{"@context":"https:\/\/schema.org","@graph":[{"@type":"WebPage","@id":"https:\/\/www.amsm.ca\/fr\/declaration-de-foi\/","url":"https:\/\/www.amsm.ca\/fr\/declaration-de-foi\/","name":"Versets bibliques - amsm church","isPartOf":{"@id":"https:\/\/www.amsm.ca\/#website"},"primaryImageOfPage":{"@id":"https:\/\/www.amsm.ca\/fr\/declaration-de-foi\/#primaryimage"},"image":{"@id":"https:\/\/www.amsm.ca\/fr\/declaration-de-foi\/#primaryimage"},"thumbnailUrl":"https:\/\/church-event.vamtam.com\/wp-content\/uploads\/2013\/11\/about_small_1.png","datePublished":"2021-08-25T02:25:27+00:00","dateModified":"2022-01-06T21:13:34+00:00","breadcrumb":{"@id":"https:\/\/www.amsm.ca\/fr\/declaration-de-foi\/#breadcrumb"},"inLanguage":"fr-FR","potentialAction":[{"@type":"ReadAction","target":["https:\/\/www.amsm.ca\/fr\/declaration-de-foi\/"]}]},{"@type":"ImageObject","inLanguage":"fr-FR","@id":"https:\/\/www.amsm.ca\/fr\/declaration-de-foi\/#primaryimage","url":"https:\/\/church-event.vamtam.com\/wp-content\/uploads\/2013\/11\/about_small_1.png","contentUrl":"https:\/\/church-event.vamtam.com\/wp-content\/uploads\/2013\/11\/about_small_1.png"},{"@type":"BreadcrumbList","@id":"https:\/\/www.amsm.ca\/fr\/declaration-de-foi\/#breadcrumb","itemListElement":[{"@type":"ListItem","position":1,"name":"Home","item":"https:\/\/www.amsm.ca\/fr\/"},{"@type":"ListItem","position":2,"name":"Versets bibliques"}]},{"@type":"WebSite","@id":"https:\/\/www.amsm.ca\/#website","url":"https:\/\/www.amsm.ca\/","name":"amsm church","description":"amsm church","potentialAction":[{"@type":"SearchAction","target":{"@type":"EntryPoint","urlTemplate":"https:\/\/www.amsm.ca\/?s={search_term_string}"},"query-input":{"@type":"PropertyValueSpecification","valueRequired":true,"valueName":"search_term_string"}}],"inLanguage":"fr-FR"}]}},"campaignId":"","_links":{"self":[{"href":"https:\/\/www.amsm.ca\/fr\/wp-json\/wp\/v2\/pages\/26544","targetHints":{"allow":["GET"]}}],"collection":[{"href":"https:\/\/www.amsm.ca\/fr\/wp-json\/wp\/v2\/pages"}],"about":[{"href":"https:\/\/www.amsm.ca\/fr\/wp-json\/wp\/v2\/types\/page"}],"author":[{"embeddable":true,"href":"https:\/\/www.amsm.ca\/fr\/wp-json\/wp\/v2\/users\/1"}],"replies":[{"embeddable":true,"href":"https:\/\/www.amsm.ca\/fr\/wp-json\/wp\/v2\/comments?post=26544"}],"version-history":[{"count":0,"href":"https:\/\/www.amsm.ca\/fr\/wp-json\/wp\/v2\/pages\/26544\/revisions"}],"wp:attachment":[{"href":"https:\/\/www.amsm.ca\/fr\/wp-json\/wp\/v2\/media?parent=26544"}],"curies":[{"name":"wp","href":"https:\/\/api.w.org\/{rel}","templated":true}]}}