{"id":26887,"date":"2021-12-04T05:07:03","date_gmt":"2021-12-04T10:07:03","guid":{"rendered":"https:\/\/www.amsm.ca\/services\/"},"modified":"2022-01-06T22:00:22","modified_gmt":"2022-01-07T03:00:22","slug":"services","status":"publish","type":"page","link":"https:\/\/www.amsm.ca\/fr\/services\/","title":{"rendered":"Services"},"content":{"rendered":"<body><p><\/p><div class=\"row \"><div class=\"wpv-grid grid-1-1  wpv-first-level first has-background unextended animation-fade-in animated-active\" style=\"background-color:#f7f7f7;padding-top:10px;padding-bottom:10px\" id=\"wpv-column-94d37c6d27f67ef1593e4f6d0ccc5a91\" ><style>#wpv-column-94d37c6d27f67ef1593e4f6d0ccc5a91 p,#wpv-column-94d37c6d27f67ef1593e4f6d0ccc5a91 em,#wpv-column-94d37c6d27f67ef1593e4f6d0ccc5a91 .column-title,#wpv-column-94d37c6d27f67ef1593e4f6d0ccc5a91 .sep-text h2.regular-title-wrapper,#wpv-column-94d37c6d27f67ef1593e4f6d0ccc5a91 .text-divider-double,#wpv-column-94d37c6d27f67ef1593e4f6d0ccc5a91 .sep-text .sep-text-line,#wpv-column-94d37c6d27f67ef1593e4f6d0ccc5a91 .sep,#wpv-column-94d37c6d27f67ef1593e4f6d0ccc5a91 .sep-2,#wpv-column-94d37c6d27f67ef1593e4f6d0ccc5a91 .sep-3{color:#787878;}#wpv-column-94d37c6d27f67ef1593e4f6d0ccc5a91:before{background-color:transparent;}<\/style><div class=\"row \"><div class=\"wpv-grid grid-1-5  first unextended\" style=\"padding-top:0px;padding-bottom:0px\" id=\"wpv-column-0f5e36af959921aaee9fb27ca7051ab8\" ><div class=\"services clearfix smallimage no-image has-icon has-button \" style=\"text-align:left;\">\r\n\t<div class=\"services-inside\">\r\n\t\t\t\t\t\t\t\t\t<div class=\"shrinking-outer clearfix\">\r\n\t\t\t\t\t<div class=\"shrinking\" style=\"background:transparent no-repeat 50% 50%;\">\r\n\t\t\t\t\t\t\t\t\t\t\t\t\t<a href=\"#\" target=\"_self\" title=\"Easy Styling\">\r\n\t\t\t\t\t\t\t\t\t\t\t\t\t\t\t\t\t\t\t<span class='icon shortcode theme ' style='color:#3E4043;'>&#57395;<\/span>\t\t\t\t\t\t\t\t\t\t\t\t\t\t\t\t\t\t\t<\/a>\r\n\t\t\t\t\t\t\t\t\t\t\t<\/div>\r\n\t\t\t\t<\/div>\r\n\t\t\t\t\t\t\t\t\t\t\t\t<div class=\"services-content\"><br>\nLa Divine Liturgie ou service de l\u2019Eucharistie \u00e9tait le c\u0153ur du culte et des pri\u00e8res des chr\u00e9tiens dans l\u2019\u00c9glise apostolique primitive.<div class=\"push\" style='height:5px'><\/div> <a href=\"https:\/\/kidistselasie.ca\/?page_id=7123\">Plus<\/a> <span class='icon shortcode theme ' style='font-size:8px !important;color:#3E4043;'>&#57349;<\/span>\n<\/div>\r\n\t\t\t\t\t<\/div>\r\n<\/div>\r\n<\/div>\n<div class=\"wpv-grid grid-1-5  unextended\" style=\"padding-top:0px;padding-bottom:0px\" id=\"wpv-column-257efa0d77737edcfc17778645a01f79\" ><div class=\"services clearfix smallimage no-image has-icon has-button \" style=\"text-align:left;\">\r\n\t<div class=\"services-inside\">\r\n\t\t\t\t\t\t\t\t\t<div class=\"shrinking-outer clearfix\">\r\n\t\t\t\t\t<div class=\"shrinking\" style=\"background:transparent no-repeat 50% 50%;\">\r\n\t\t\t\t\t\t\t\t\t\t\t\t\t<a href=\"#\" target=\"_self\" title=\"Easy Styling\">\r\n\t\t\t\t\t\t\t\t\t\t\t\t\t\t\t\t\t\t\t<span class='icon shortcode theme ' style='color:#3E4043;'>&#57395;<\/span>\t\t\t\t\t\t\t\t\t\t\t\t\t\t\t\t\t\t\t<\/a>\r\n\t\t\t\t\t\t\t\t\t\t\t<\/div>\r\n\t\t\t\t<\/div>\r\n\t\t\t\t\t\t\t\t\t\t\t\t<div class=\"services-content\"><br>\nLa Divine Liturgie ou service de l\u2019Eucharistie \u00e9tait le c\u0153ur du culte et des pri\u00e8res des chr\u00e9tiens dans l\u2019\u00c9glise apostolique primitive.<div class=\"push\" style='height:5px'><\/div> <a href=\"https:\/\/kidistselasie.ca\/?page_id=7123\">Plus<\/a> <span class='icon shortcode theme ' style='font-size:8px !important;color:#3E4043;'>&#57349;<\/span>\n<\/div>\r\n\t\t\t\t\t<\/div>\r\n<\/div>\r\n<\/div>\n<div class=\"wpv-grid grid-1-5  unextended\" style=\"padding-top:0px;padding-bottom:0px\" id=\"wpv-column-31ca6b81d08bb77aa51c6b165b697dad\" ><div class=\"services clearfix smallimage no-image has-icon has-button \" style=\"text-align:left;\">\r\n\t<div class=\"services-inside\">\r\n\t\t\t\t\t\t\t\t\t<div class=\"shrinking-outer clearfix\">\r\n\t\t\t\t\t<div class=\"shrinking\" style=\"background:transparent no-repeat 50% 50%;\">\r\n\t\t\t\t\t\t\t\t\t\t\t\t\t<a href=\"#\" target=\"_self\" title=\"Easy Styling\">\r\n\t\t\t\t\t\t\t\t\t\t\t\t\t\t\t\t\t\t\t<span class='icon shortcode  ' style='color:#3E4043;'>&#57417;<\/span>\t\t\t\t\t\t\t\t\t\t\t\t\t\t\t\t\t\t\t<\/a>\r\n\t\t\t\t\t\t\t\t\t\t\t<\/div>\r\n\t\t\t\t<\/div>\r\n\t\t\t\t\t\t\t\t\t\t\t\t<div class=\"services-content\"><br>\nLe th\u00e8me utilise un constructeur de mod\u00e8les flexible qui vous permet de cr\u00e9er des pages uniques. <div class=\"push\" style='height:5px'><\/div> <a href=\"https:\/\/kidistselasie.ca\/?page_id=40\">Plus<\/a> <span class='icon shortcode theme ' style='font-size:8px !important;color:#3E4043;'>&#57349;<\/span>\n<\/div>\r\n\t\t\t\t\t<\/div>\r\n<\/div>\r\n<\/div>\n<div class=\"wpv-grid grid-1-5  unextended\" style=\"padding-top:0px;padding-bottom:0px\" id=\"wpv-column-4ffdab3a1cb2b8d5da7f26a2f05738b3\" ><div class=\"services clearfix smallimage no-image has-icon has-button \" style=\"text-align:left;\">\r\n\t<div class=\"services-inside\">\r\n\t\t\t\t\t\t\t\t\t<div class=\"shrinking-outer clearfix\">\r\n\t\t\t\t\t<div class=\"shrinking\" style=\"background:transparent no-repeat 50% 50%;\">\r\n\t\t\t\t\t\t\t\t\t\t\t\t\t<a href=\"#\" target=\"_self\" title=\"Easy Styling\">\r\n\t\t\t\t\t\t\t\t\t\t\t\t\t\t\t\t\t\t\t<span class='icon shortcode theme ' style='color:#3E4043;'>&#57474;<\/span>\t\t\t\t\t\t\t\t\t\t\t\t\t\t\t\t\t\t\t<\/a>\r\n\t\t\t\t\t\t\t\t\t\t\t<\/div>\r\n\t\t\t\t<\/div>\r\n\t\t\t\t\t\t\t\t\t\t\t\t<div class=\"services-content\"><br>\n<span class=\"ILfuVd\"><span class=\"hgKElc\">\u00c9ducation chr\u00e9tienne, <b>\u00e9cole<\/b>d\u2019\u00e9ducation religieuse, g\u00e9n\u00e9ralement destin\u00e9e aux enfants et aux jeunes.<\/span><\/span> <div class=\"push\" style='height:5px'><\/div>  <span class='icon shortcode theme ' style='font-size:8px !important;color:#3E4043;'>&#57349;<\/span>\n<\/div>\r\n\t\t\t\t\t<\/div>\r\n<\/div>\r\n<\/div>\n<div class=\"wpv-grid grid-1-5  unextended\" style=\"padding-top:0px;padding-bottom:0px\" id=\"wpv-column-5ecf9d2daf8019cc928774343df235c3\" ><div class=\"services clearfix smallimage no-image has-icon has-button \" style=\"text-align:left;\">\r\n\t<div class=\"services-inside\">\r\n\t\t\t\t\t\t\t\t\t<div class=\"shrinking-outer clearfix\">\r\n\t\t\t\t\t<div class=\"shrinking\" style=\"background:transparent no-repeat 50% 50%;\">\r\n\t\t\t\t\t\t\t\t\t\t\t\t\t<a href=\"#\" target=\"_self\" title=\"Easy Styling\">\r\n\t\t\t\t\t\t\t\t\t\t\t\t\t\t\t\t\t\t\t<span class='icon shortcode theme ' style='color:#3E4043;'>&#57440;<\/span>\t\t\t\t\t\t\t\t\t\t\t\t\t\t\t\t\t\t\t<\/a>\r\n\t\t\t\t\t\t\t\t\t\t\t<\/div>\r\n\t\t\t\t<\/div>\r\n\t\t\t\t\t\t\t\t\t\t\t\t<div class=\"services-content\"><br>\nLe th\u00e8me utilise un constructeur de mod\u00e8les flexible qui vous permet de cr\u00e9er des pages uniques. <div class=\"push\" style='height:5px'><\/div> <a href=\"#\">Lire Plus<\/a> <span class='icon shortcode theme ' style='font-size:8px !important;color:#3E4043;'>&#57349;<\/span>\n<\/div>\r\n\t\t\t\t\t<\/div>\r\n<\/div>\r\n<\/div><\/div><\/div><\/div>\n<div class=\"push\" style='height:15px'><\/div>\n<div class=\"row \"><div class=\"wpv-grid grid-1-5  wpv-first-level first unextended animation-fade-in animated-active\" style=\"padding-top:0px;padding-bottom:0px\" id=\"wpv-column-5c6184515e4fccc82a7740f619091ea8\" ><h2 class='column-title'>Liturgies<\/h2><div class=\"row \"><div class=\"wpv-grid grid-1-1  first unextended\" style=\"padding-top:0px;padding-bottom:0px\" id=\"wpv-column-a5f4b16497372073e7d4e107c8dcc943\" ><p><span style=\"color: #c0c0c0;\">La Divine Liturgie ou service de l\u2019Eucharistie \u00e9tait le c\u0153ur du culte et des pri\u00e8res des chr\u00e9tiens dans l\u2019\u00c9glise apostolique primitive.<\/span><\/div><\/div>\n<div class=\"row \"><div class=\"wpv-grid grid-1-1  first unextended\" style=\"padding-top:0px;padding-bottom:0px\" id=\"wpv-column-eea319161ade958690c20c9491a98a62\" ><\/div><\/div>\n<div class=\"push\" style='height:5px'><\/div>\n<div class=\"row \"><div class=\"wpv-grid grid-1-1  first unextended\" style=\"padding-top:0px;padding-bottom:0px\" id=\"wpv-column-7075abafc4b98224c04237d50bd13a24\" ><p><a href=\"https:\/\/www.amsm.ca\/sermons\/\">Plus \u2192<\/a><\/div><\/div><\/div>\n<div class=\"wpv-grid grid-1-5  wpv-first-level unextended animation-fade-in animated-active\" style=\"padding-top:0px;padding-bottom:0px\" id=\"wpv-column-707e1a9e65879887ec71d16868f2138a\" ><h2 class='column-title'>Hymnes<\/h2><div class=\"row \"><div class=\"wpv-grid grid-1-1  first unextended\" style=\"padding-top:0px;padding-bottom:0px\" id=\"wpv-column-b76bb890d040163cc7c6287eab143e67\" ><p><span style=\"color: #c0c0c0;\">La Divine Liturgie ou service de l\u2019Eucharistie \u00e9tait le c\u0153ur du culte et des pri\u00e8res des chr\u00e9tiens dans l\u2019\u00c9glise apostolique primitive.<\/span><\/div><\/div>\n<div class=\"row \"><div class=\"wpv-grid grid-1-1  first unextended\" style=\"padding-top:0px;padding-bottom:0px\" id=\"wpv-column-b6fb241c2bd0b112cf9916ce81578343\" ><\/div><\/div>\n<div class=\"push\" style='height:5px'><\/div>\n<div class=\"row \"><div class=\"wpv-grid grid-1-1  first unextended\" style=\"padding-top:0px;padding-bottom:0px\" id=\"wpv-column-d1a90df8a75785fa9d9f7636ecc40add\" ><p><a href=\"https:\/\/www.amsm.ca\/sermons\/\">Plus \u2192<\/a><\/div><\/div><\/div>\n<div class=\"wpv-grid grid-1-5  wpv-first-level unextended animation-fade-in animated-active\" style=\"padding-top:0px;padding-bottom:0px\" id=\"Holy Bible\" ><h2 class='column-title'>La Sainte Bible<\/h2><div class=\"row \"><div class=\"wpv-grid grid-1-1  first unextended\" style=\"padding-top:0px;padding-bottom:0px\" id=\"wpv-column-b94485ba35eb05e96a0751152ca316cf\" ><p><span style=\"color: #c0c0c0;\">Ne doutez jamais qu\u2019un petit groupe de personnes r\u00e9fl\u00e9chies et engag\u00e9es puisse changer le monde.. En effet, c\u2019est la seule chose qui ait jamais exist\u00e9.<\/span><\/div><\/div>\n<div class=\"push\" style='height:5px'><\/div>\n<div class=\"row \"><div class=\"wpv-grid grid-1-1  first unextended\" style=\"padding-top:0px;padding-bottom:0px\" id=\"wpv-column-a60712620ca11bca37e11b0c2f3c20f4\" ><p><a href=\"https:\/\/www.amsm.ca\/statement-of-faith\/\">Plus \u2192<\/a><\/div><\/div><\/div>\n<div class=\"wpv-grid grid-1-5  wpv-first-level unextended animation-fade-in animated-active\" style=\"padding-top:0px;padding-bottom:0px\" id=\"wpv-column-41847890c3485ea09afce7a658fbf85b\" ><h2 class='column-title'>\u00c9cole du dimanche<\/h2><div class=\"row \"><div class=\"wpv-grid grid-1-1  first unextended\" style=\"padding-top:0px;padding-bottom:0px\" id=\"wpv-column-b73561a4b17c2fb218578ea5e598e1a0\" ><p><strong><span style=\"color: #c0c0c0;\"><span class=\"ILfuVd\"><span class=\"hgKElc\">\u00c9ducation chr\u00e9tienne, \u00e9cole d\u2019\u00e9ducation religieuse, g\u00e9n\u00e9ralement pour les enfants et les jeunes.<\/span><\/span><\/span><\/strong><\/div><\/div>\n<div class=\"push\" style='height:5px'><\/div>\n<div class=\"row \"><div class=\"wpv-grid grid-1-1  first unextended\" style=\"padding-top:0px;padding-bottom:0px\" id=\"wpv-column-e3499707d2ff99873bf26478624ae7ac\" ><\/div><\/div><\/div>\n<div class=\"wpv-grid grid-1-5  wpv-first-level unextended animation-fade-in animated-active\" style=\"padding-top:0px;padding-bottom:0px\" id=\"wpv-column-539254000b39169bbd7a55573448abdb\" ><h2 class='column-title'>\u00c9v\u00e9nements<\/h2><div class=\"row \"><div class=\"wpv-grid grid-1-1  first unextended\" style=\"padding-top:0px;padding-bottom:0px\" id=\"wpv-column-515d170d1d0fbe0be2eedb5fbc6e3d5d\" ><p><span style=\"color: #c0c0c0;\">Ne doutez jamais qu\u2019un petit groupe de personnes r\u00e9fl\u00e9chies et engag\u00e9es puisse changer le monde.. En effet, c\u2019est la seule chose qui ait jamais exist\u00e9.<\/span><\/div><\/div>\n<div class=\"push\" style='height:5px'><\/div>\n<div class=\"row \"><div class=\"wpv-grid grid-1-1  first unextended\" style=\"padding-top:0px;padding-bottom:0px\" id=\"wpv-column-381f4d61838bfa111ed1197e39e733a3\" ><p><a href=\"https:\/\/www.amsm.ca\/events\/\">Lire Plus \u2192<\/a><\/div><\/div><\/div><\/div>\n<div class=\"push\" style='height:30px'><\/div>\n<div class=\"row \"><div class=\"wpv-grid grid-1-1  wpv-first-level first unextended\" style=\"padding-top:0px;padding-bottom:0px\" id=\"wpv-column-85a43262f13baa31511e364defefbf60\" ><div class=\"wpv-tabs horizontal\" id=\"tabs-1\"><ul class=\"ui-tabs-nav\"><li class='tab-'><a href=\"#tab-1-0-tab\"><span class='icon shortcode  ' style=''>\u201dtheme-book-open\u201d<\/span> <span class=\"title-text\">\u201dTab<\/span><\/a><\/li><li class='tab-'><a href=\"#tab-1-1-tab\"><span class='icon shortcode  ' style=''>\u201dbookmarks\u201d<\/span> <span class=\"title-text\">\u201dTab<\/span><\/a><\/li><\/ul><div class=\"pane\" id=\"tab-1-0-tab\"><br>\n<div class=\"row \"><div class=\"wpv-grid grid-3-4  first unextended animation-fade-in animated-active\" style=\"padding-top:0px;padding-bottom:0px\" id=\"wpv-column-b100f06f79f7558ca8318437fe5fe217\" ><p><img data-recalc-dims=\"1\" decoding=\"async\" class=\"alignleft size-full wp-image-7026\" src=\"https:\/\/i0.wp.com\/church-event.vamtam.com\/wp-content\/uploads\/2013\/11\/about_small_2.png?resize=314%2C314&#038;ssl=1\" alt=\"about_small_2\" width=\"314\" height=\"314\" loading=\"lazy\"><\/p>\n<h4>Car toute l\u2019Ecriture est inspir\u00e9e de Dieu et utile pour enseigner, r\u00e9futer, redresser et apprendre \u00e0 mener une vie conforme \u00e0 ce qui est juste.<\/h4>\n<p><strong>2 Timoth\u00e9e 3:16-17<\/strong><\/div>\n<div class=\"wpv-grid grid-1-4  unextended animation-from-left animated-active\" style=\"padding-top:0px;padding-bottom:0px\" id=\"wpv-column-6e7287d92e21d89c1dc7e6f12e95ccec\" >\n<ul class=\"styled-list  icon-accent2\">\n<li class=\" icon-b \" data-icon=\"&#58011;\">Sachez ce qui est vrai.<\/li>\n<li class=\" icon-b \" data-icon=\"&#58011;\">Grandir dans notre foi.<\/li>\n<li class=\" icon-b \" data-icon=\"&#58011;\">Apprendre les v\u00e9rit\u00e9s de Dieu.<\/li>\n<li class=\" icon-b \" data-icon=\"&#58011;\">Cherchez le pardon.<\/li>\n<li class=\" icon-b \" data-icon=\"&#58011;\">R\u00e9aliser notre besoin de Lui.<\/li>\n<li class=\" icon-b \" data-icon=\"&#58011;\">Se pr\u00e9munir contre les faux enseignements.<\/li>\n<li class=\" icon-b \" data-icon=\"&#58011;\">Recevoir des conseils sur la fa\u00e7on de vivre.<\/li>\n<li class=\" icon-b \" data-icon=\"&#58011;\">Apprendre \u00e0 conna\u00eetre Dieu, le conna\u00eetre et l\u2019adorer.<\/li>\n<\/ul>\n<\/div><\/div><br><\/div><div class=\"pane\" id=\"tab-1-1-tab\"><br>\n<div class=\"row \"><div class=\"wpv-grid grid-1-1  first unextended animation-fade-in animated-active\" style=\"padding-top:0px;padding-bottom:0px\" id=\"wpv-column-b92491a58bbdb9fd180e24359ef8a021\" ><p><img data-recalc-dims=\"1\" decoding=\"async\" class=\"alignleft size-full wp-image-7028\" src=\"https:\/\/i0.wp.com\/church-event.vamtam.com\/wp-content\/uploads\/2013\/11\/about_small_3.png?resize=314%2C314&#038;ssl=1\" alt=\"about_small_3\" width=\"314\" height=\"314\" loading=\"lazy\"><\/p>\n<h4>Oui, vraiment, je vous l\u2019assure : celui qui \u00e9coute ce que je dis et qui place sa confiance dans le P\u00e8re qui m\u2019a envoy\u00e9, poss\u00e8de, d\u00e8s \u00e0 pr\u00e9sent, la vie \u00e9ternelle.<\/h4>\n<p><b>Jean 5:24<\/b><\/p>\n<div class=\"push\"><\/div><\/div><\/div><br><\/div><\/div><\/div><\/div>\n<\/body>","protected":false},"excerpt":{"rendered":"<p>La Divine Liturgie ou service de l\u2019Eucharistie \u00e9tait le c\u0153ur du culte et des pri\u00e8res des chr\u00e9tiens dans l\u2019\u00c9glise apostolique primitive. Plus \u2192 La Divine Liturgie ou service de l\u2019Eucharistie \u00e9tait le c\u0153ur du culte et des pri\u00e8res des chr\u00e9tiens dans l\u2019\u00c9glise apostolique primitive. Plus \u2192 Ne doutez jamais qu\u2019un petit groupe de personnes r\u00e9fl\u00e9chies&#8230;<\/p>\n","protected":false},"author":1,"featured_media":0,"parent":0,"menu_order":4,"comment_status":"closed","ping_status":"closed","template":"","meta":{"give_campaign_id":0,"footnotes":""},"class_list":["post-26887","page","type-page","status-publish","hentry"],"yoast_head":"<!-- This site is optimized with the Yoast SEO plugin v27.5 - https:\/\/yoast.com\/product\/yoast-seo-wordpress\/ -->\n<title>Services - amsm church<\/title>\n<meta name=\"robots\" content=\"index, follow, max-snippet:-1, max-image-preview:large, max-video-preview:-1\" \/>\n<link rel=\"canonical\" href=\"https:\/\/www.amsm.ca\/fr\/services\/\" \/>\n<meta property=\"og:locale\" content=\"fr_FR\" \/>\n<meta property=\"og:type\" content=\"article\" \/>\n<meta property=\"og:title\" content=\"Services - amsm church\" \/>\n<meta property=\"og:description\" content=\"La Divine Liturgie ou service de l\u2019Eucharistie \u00e9tait le c\u0153ur du culte et des pri\u00e8res des chr\u00e9tiens dans l\u2019\u00c9glise apostolique primitive. Plus \u2192 La Divine Liturgie ou service de l\u2019Eucharistie \u00e9tait le c\u0153ur du culte et des pri\u00e8res des chr\u00e9tiens dans l\u2019\u00c9glise apostolique primitive. Plus \u2192 Ne doutez jamais qu\u2019un petit groupe de personnes r\u00e9fl\u00e9chies...\" \/>\n<meta property=\"og:url\" content=\"https:\/\/www.amsm.ca\/fr\/services\/\" \/>\n<meta property=\"og:site_name\" content=\"amsm church\" \/>\n<meta property=\"article:modified_time\" content=\"2022-01-07T03:00:22+00:00\" \/>\n<meta property=\"og:image\" content=\"https:\/\/church-event.vamtam.com\/wp-content\/uploads\/2013\/11\/about_small_2.png\" \/>\n<meta name=\"twitter:card\" content=\"summary_large_image\" \/>\n<meta name=\"twitter:label1\" content=\"Dur\u00e9e de lecture estim\u00e9e\" \/>\n\t<meta name=\"twitter:data1\" content=\"7 minutes\" \/>\n<script type=\"application\/ld+json\" class=\"yoast-schema-graph\">{\"@context\":\"https:\\\/\\\/schema.org\",\"@graph\":[{\"@type\":\"WebPage\",\"@id\":\"https:\\\/\\\/www.amsm.ca\\\/fr\\\/services\\\/\",\"url\":\"https:\\\/\\\/www.amsm.ca\\\/fr\\\/services\\\/\",\"name\":\"Services - amsm church\",\"isPartOf\":{\"@id\":\"https:\\\/\\\/www.amsm.ca\\\/#website\"},\"primaryImageOfPage\":{\"@id\":\"https:\\\/\\\/www.amsm.ca\\\/fr\\\/services\\\/#primaryimage\"},\"image\":{\"@id\":\"https:\\\/\\\/www.amsm.ca\\\/fr\\\/services\\\/#primaryimage\"},\"thumbnailUrl\":\"https:\\\/\\\/church-event.vamtam.com\\\/wp-content\\\/uploads\\\/2013\\\/11\\\/about_small_2.png\",\"datePublished\":\"2021-12-04T10:07:03+00:00\",\"dateModified\":\"2022-01-07T03:00:22+00:00\",\"breadcrumb\":{\"@id\":\"https:\\\/\\\/www.amsm.ca\\\/fr\\\/services\\\/#breadcrumb\"},\"inLanguage\":\"fr-FR\",\"potentialAction\":[{\"@type\":\"ReadAction\",\"target\":[\"https:\\\/\\\/www.amsm.ca\\\/fr\\\/services\\\/\"]}]},{\"@type\":\"ImageObject\",\"inLanguage\":\"fr-FR\",\"@id\":\"https:\\\/\\\/www.amsm.ca\\\/fr\\\/services\\\/#primaryimage\",\"url\":\"https:\\\/\\\/church-event.vamtam.com\\\/wp-content\\\/uploads\\\/2013\\\/11\\\/about_small_2.png\",\"contentUrl\":\"https:\\\/\\\/church-event.vamtam.com\\\/wp-content\\\/uploads\\\/2013\\\/11\\\/about_small_2.png\"},{\"@type\":\"BreadcrumbList\",\"@id\":\"https:\\\/\\\/www.amsm.ca\\\/fr\\\/services\\\/#breadcrumb\",\"itemListElement\":[{\"@type\":\"ListItem\",\"position\":1,\"name\":\"Home\",\"item\":\"https:\\\/\\\/www.amsm.ca\\\/fr\\\/\"},{\"@type\":\"ListItem\",\"position\":2,\"name\":\"Services\"}]},{\"@type\":\"WebSite\",\"@id\":\"https:\\\/\\\/www.amsm.ca\\\/#website\",\"url\":\"https:\\\/\\\/www.amsm.ca\\\/\",\"name\":\"amsm church\",\"description\":\"amsm church\",\"potentialAction\":[{\"@type\":\"SearchAction\",\"target\":{\"@type\":\"EntryPoint\",\"urlTemplate\":\"https:\\\/\\\/www.amsm.ca\\\/?s={search_term_string}\"},\"query-input\":{\"@type\":\"PropertyValueSpecification\",\"valueRequired\":true,\"valueName\":\"search_term_string\"}}],\"inLanguage\":\"fr-FR\"}]}<\/script>\n<!-- \/ Yoast SEO plugin. -->","yoast_head_json":{"title":"Services - amsm church","robots":{"index":"index","follow":"follow","max-snippet":"max-snippet:-1","max-image-preview":"max-image-preview:large","max-video-preview":"max-video-preview:-1"},"canonical":"https:\/\/www.amsm.ca\/fr\/services\/","og_locale":"fr_FR","og_type":"article","og_title":"Services - amsm church","og_description":"La Divine Liturgie ou service de l\u2019Eucharistie \u00e9tait le c\u0153ur du culte et des pri\u00e8res des chr\u00e9tiens dans l\u2019\u00c9glise apostolique primitive. Plus \u2192 La Divine Liturgie ou service de l\u2019Eucharistie \u00e9tait le c\u0153ur du culte et des pri\u00e8res des chr\u00e9tiens dans l\u2019\u00c9glise apostolique primitive. Plus \u2192 Ne doutez jamais qu\u2019un petit groupe de personnes r\u00e9fl\u00e9chies...","og_url":"https:\/\/www.amsm.ca\/fr\/services\/","og_site_name":"amsm church","article_modified_time":"2022-01-07T03:00:22+00:00","og_image":[{"url":"https:\/\/church-event.vamtam.com\/wp-content\/uploads\/2013\/11\/about_small_2.png","type":"","width":"","height":""}],"twitter_card":"summary_large_image","twitter_misc":{"Dur\u00e9e de lecture estim\u00e9e":"7 minutes"},"schema":{"@context":"https:\/\/schema.org","@graph":[{"@type":"WebPage","@id":"https:\/\/www.amsm.ca\/fr\/services\/","url":"https:\/\/www.amsm.ca\/fr\/services\/","name":"Services - amsm church","isPartOf":{"@id":"https:\/\/www.amsm.ca\/#website"},"primaryImageOfPage":{"@id":"https:\/\/www.amsm.ca\/fr\/services\/#primaryimage"},"image":{"@id":"https:\/\/www.amsm.ca\/fr\/services\/#primaryimage"},"thumbnailUrl":"https:\/\/church-event.vamtam.com\/wp-content\/uploads\/2013\/11\/about_small_2.png","datePublished":"2021-12-04T10:07:03+00:00","dateModified":"2022-01-07T03:00:22+00:00","breadcrumb":{"@id":"https:\/\/www.amsm.ca\/fr\/services\/#breadcrumb"},"inLanguage":"fr-FR","potentialAction":[{"@type":"ReadAction","target":["https:\/\/www.amsm.ca\/fr\/services\/"]}]},{"@type":"ImageObject","inLanguage":"fr-FR","@id":"https:\/\/www.amsm.ca\/fr\/services\/#primaryimage","url":"https:\/\/church-event.vamtam.com\/wp-content\/uploads\/2013\/11\/about_small_2.png","contentUrl":"https:\/\/church-event.vamtam.com\/wp-content\/uploads\/2013\/11\/about_small_2.png"},{"@type":"BreadcrumbList","@id":"https:\/\/www.amsm.ca\/fr\/services\/#breadcrumb","itemListElement":[{"@type":"ListItem","position":1,"name":"Home","item":"https:\/\/www.amsm.ca\/fr\/"},{"@type":"ListItem","position":2,"name":"Services"}]},{"@type":"WebSite","@id":"https:\/\/www.amsm.ca\/#website","url":"https:\/\/www.amsm.ca\/","name":"amsm church","description":"amsm church","potentialAction":[{"@type":"SearchAction","target":{"@type":"EntryPoint","urlTemplate":"https:\/\/www.amsm.ca\/?s={search_term_string}"},"query-input":{"@type":"PropertyValueSpecification","valueRequired":true,"valueName":"search_term_string"}}],"inLanguage":"fr-FR"}]}},"campaignId":"","_links":{"self":[{"href":"https:\/\/www.amsm.ca\/fr\/wp-json\/wp\/v2\/pages\/26887","targetHints":{"allow":["GET"]}}],"collection":[{"href":"https:\/\/www.amsm.ca\/fr\/wp-json\/wp\/v2\/pages"}],"about":[{"href":"https:\/\/www.amsm.ca\/fr\/wp-json\/wp\/v2\/types\/page"}],"author":[{"embeddable":true,"href":"https:\/\/www.amsm.ca\/fr\/wp-json\/wp\/v2\/users\/1"}],"replies":[{"embeddable":true,"href":"https:\/\/www.amsm.ca\/fr\/wp-json\/wp\/v2\/comments?post=26887"}],"version-history":[{"count":0,"href":"https:\/\/www.amsm.ca\/fr\/wp-json\/wp\/v2\/pages\/26887\/revisions"}],"wp:attachment":[{"href":"https:\/\/www.amsm.ca\/fr\/wp-json\/wp\/v2\/media?parent=26887"}],"curies":[{"name":"wp","href":"https:\/\/api.w.org\/{rel}","templated":true}]}}